{"id":11411,"date":"2025-05-31T11:01:33","date_gmt":"2025-05-31T08:01:33","guid":{"rendered":"https:\/\/www.utep.org.tr\/supervisory-board\/"},"modified":"2026-03-30T16:19:35","modified_gmt":"2026-03-30T13:19:35","slug":"supervisory-board","status":"publish","type":"page","link":"https:\/\/www.utep.org.tr\/en\/supervisory-board\/","title":{"rendered":"Supervisory Board"},"content":{"rendered":"\t\t<div data-elementor-type=\"wp-page\" data-elementor-id=\"11411\" class=\"elementor elementor-11411 elementor-9875\" data-elementor-post-type=\"page\">\n\t\t\t\t\t\t<section class=\"elementor-section elementor-top-section elementor-element elementor-element-80846fb elementor-section-full_width team-style2--style3 elementor-section-height-default elementor-section-height-default\" data-id=\"80846fb\" data-element_type=\"section\">\n\t\t\t\t\t\t<div class=\"elementor-container elementor-column-gap-no\">\n\t\t\t\t\t<div class=\"elementor-column elementor-col-100 elementor-top-column elementor-element elementor-element-e1846f8\" data-id=\"e1846f8\" data-element_type=\"column\">\n\t\t\t<div class=\"elementor-widget-wrap elementor-element-populated\">\n\t\t\t\t\t\t<div class=\"elementor-element elementor-element-549fd06 elementor-widget elementor-widget-heading\" data-id=\"549fd06\" data-element_type=\"widget\" data-widget_type=\"heading.default\">\n\t\t\t\t<div class=\"elementor-widget-container\">\n\t\t\t\t\t<h6 class=\"elementor-heading-title elementor-size-default\">Our Values<\/h6>\t\t\t\t<\/div>\n\t\t\t\t<\/div>\n\t\t\t\t<div class=\"elementor-element elementor-element-ee6942b elementor-widget elementor-widget-heading\" data-id=\"ee6942b\" data-element_type=\"widget\" data-widget_type=\"heading.default\">\n\t\t\t\t<div class=\"elementor-widget-container\">\n\t\t\t\t\t<h6 class=\"elementor-heading-title elementor-size-default\">Supervisory Board<\/h6>\t\t\t\t<\/div>\n\t\t\t\t<\/div>\n\t\t<div class=\"elementor-element elementor-element-2252960 e-grid e-con-boxed e-con e-parent\" data-id=\"2252960\" data-element_type=\"container\">\n\t\t\t\t\t<div class=\"e-con-inner\">\n\t\t\t\t<div class=\"elementor-element elementor-element-8ce150a elementor-widget elementor-widget-govarnex_team\" data-id=\"8ce150a\" data-element_type=\"widget\" data-widget_type=\"govarnex_team.default\">\n\t\t\t\t<div class=\"elementor-widget-container\">\n\t\t\t\t\t        \n            <div class=\"team-style2__single\">\n                <div class=\"team-style2__single-img\">\n                    <div class=\"inner\">\n                        <img fetchpriority=\"high\" decoding=\"async\" width=\"2000\" height=\"2000\" src=\"https:\/\/www.utep.org.tr\/wp-content\/uploads\/2025\/05\/siluet.jpg\" class=\"attachment-full size-full\" alt=\"\" srcset=\"https:\/\/www.utep.org.tr\/wp-content\/uploads\/2025\/05\/siluet.jpg 2000w, https:\/\/www.utep.org.tr\/wp-content\/uploads\/2025\/05\/siluet-300x300.jpg 300w, https:\/\/www.utep.org.tr\/wp-content\/uploads\/2025\/05\/siluet-1024x1024.jpg 1024w, https:\/\/www.utep.org.tr\/wp-content\/uploads\/2025\/05\/siluet-150x150.jpg 150w, https:\/\/www.utep.org.tr\/wp-content\/uploads\/2025\/05\/siluet-768x768.jpg 768w, https:\/\/www.utep.org.tr\/wp-content\/uploads\/2025\/05\/siluet-1536x1536.jpg 1536w, https:\/\/www.utep.org.tr\/wp-content\/uploads\/2025\/05\/siluet-90x90.jpg 90w\" sizes=\"(max-width: 2000px) 100vw, 2000px\" \/>                        <div class=\"team-style2__single-content text-center\">\n                            <h2>\n                                <a href=\"\"  >\n                                    Muhsin G\u00fcnyeli                                <\/a>\n                            <\/h2>\n                            <p>Supervisory Board President<\/p>\n                            <ul class=\"social-links clearfix\" style=\"padding:0px;\">\n\t\t\t\t\t\t\t\t<!--\n                                <li><a href=\"mailto:https:\/\/www.utep.org.tr\/en\/muhsin-gunyeli\"><span class=\"icon-mail-1\"><\/span><\/a><\/li>\n                                <li class=\"share\"><a href=\"#\"><span class=\"icon-share\"><\/span><\/a>\n                                    <ul class=\"social-links-inner\">\n                                        <li><a href=\"#\"><i class=\"icon-instagram\"><\/i><\/a><\/li>\n<li><a href=\"#\"><i class=\"icon-twitter\"><\/i><\/a><\/li>\n<li><a href=\"#\"><i class=\"icon-facebook-app-symbol\"><\/i><\/a><\/li>                                    <\/ul>\n                                <\/li>\n                                <li><a href=\"\"><span class=\"icon-telephone\"><\/span><\/a><\/li>\n\t\t\t\t\t\t\t\t-->\n\t\t\t\t\t\t\t\t<li><a href=\"https:\/\/www.utep.org.tr\/en\/muhsin-gunyeli\"><span class=\"fas fa-list-ul\"><\/span><\/a><\/li>\n                            <\/ul>\n                        <\/div>\n                    <\/div>\n                <\/div>\n            <\/div>\n        \t\t\t\t<\/div>\n\t\t\t\t<\/div>\n\t\t\t\t\t<\/div>\n\t\t\t\t<\/div>\n\t\t<div class=\"elementor-element elementor-element-835f3a7 e-flex e-con-boxed e-con e-parent\" data-id=\"835f3a7\" data-element_type=\"container\">\n\t\t\t\t\t<div class=\"e-con-inner\">\n\t\t<div class=\"elementor-element elementor-element-750b7d6 e-grid e-con-full e-con e-child\" data-id=\"750b7d6\" data-element_type=\"container\">\n\t\t\t\t<div class=\"elementor-element elementor-element-a9e34a0 elementor-widget elementor-widget-govarnex_team\" data-id=\"a9e34a0\" data-element_type=\"widget\" data-widget_type=\"govarnex_team.default\">\n\t\t\t\t<div class=\"elementor-widget-container\">\n\t\t\t\t\t        \n            <div class=\"team-style2__single\">\n                <div class=\"team-style2__single-img\">\n                    <div class=\"inner\">\n                        <img fetchpriority=\"high\" decoding=\"async\" width=\"2000\" height=\"2000\" src=\"https:\/\/www.utep.org.tr\/wp-content\/uploads\/2025\/05\/siluet.jpg\" class=\"attachment-full size-full\" alt=\"\" srcset=\"https:\/\/www.utep.org.tr\/wp-content\/uploads\/2025\/05\/siluet.jpg 2000w, https:\/\/www.utep.org.tr\/wp-content\/uploads\/2025\/05\/siluet-300x300.jpg 300w, https:\/\/www.utep.org.tr\/wp-content\/uploads\/2025\/05\/siluet-1024x1024.jpg 1024w, https:\/\/www.utep.org.tr\/wp-content\/uploads\/2025\/05\/siluet-150x150.jpg 150w, https:\/\/www.utep.org.tr\/wp-content\/uploads\/2025\/05\/siluet-768x768.jpg 768w, https:\/\/www.utep.org.tr\/wp-content\/uploads\/2025\/05\/siluet-1536x1536.jpg 1536w, https:\/\/www.utep.org.tr\/wp-content\/uploads\/2025\/05\/siluet-90x90.jpg 90w\" sizes=\"(max-width: 2000px) 100vw, 2000px\" \/>                        <div class=\"team-style2__single-content text-center\">\n                            <h2>\n                                <a href=\"\"  >\n                                    \u0130smail Karasu                                <\/a>\n                            <\/h2>\n                            <p>Supervisory Board Member<\/p>\n                            <ul class=\"social-links clearfix\" style=\"padding:0px;\">\n\t\t\t\t\t\t\t\t<!--\n                                <li><a href=\"mailto:https:\/\/www.utep.org.tr\/en\/ismail-karasu\"><span class=\"icon-mail-1\"><\/span><\/a><\/li>\n                                <li class=\"share\"><a href=\"#\"><span class=\"icon-share\"><\/span><\/a>\n                                    <ul class=\"social-links-inner\">\n                                        <li><a href=\"#\"><i class=\"icon-instagram\"><\/i><\/a><\/li>\n<li><a href=\"#\"><i class=\"icon-twitter\"><\/i><\/a><\/li>\n<li><a href=\"#\"><i class=\"icon-facebook-app-symbol\"><\/i><\/a><\/li>                                    <\/ul>\n                                <\/li>\n                                <li><a href=\"\"><span class=\"icon-telephone\"><\/span><\/a><\/li>\n\t\t\t\t\t\t\t\t-->\n\t\t\t\t\t\t\t\t<li><a href=\"https:\/\/www.utep.org.tr\/en\/ismail-karasu\"><span class=\"fas fa-list-ul\"><\/span><\/a><\/li>\n                            <\/ul>\n                        <\/div>\n                    <\/div>\n                <\/div>\n            <\/div>\n        \t\t\t\t<\/div>\n\t\t\t\t<\/div>\n\t\t\t\t<div class=\"elementor-element elementor-element-5043884 elementor-widget elementor-widget-govarnex_team\" data-id=\"5043884\" data-element_type=\"widget\" data-widget_type=\"govarnex_team.default\">\n\t\t\t\t<div class=\"elementor-widget-container\">\n\t\t\t\t\t        \n            <div class=\"team-style2__single\">\n                <div class=\"team-style2__single-img\">\n                    <div class=\"inner\">\n                        <img fetchpriority=\"high\" decoding=\"async\" width=\"2000\" height=\"2000\" src=\"https:\/\/www.utep.org.tr\/wp-content\/uploads\/2025\/05\/siluet.jpg\" class=\"attachment-full size-full\" alt=\"\" srcset=\"https:\/\/www.utep.org.tr\/wp-content\/uploads\/2025\/05\/siluet.jpg 2000w, https:\/\/www.utep.org.tr\/wp-content\/uploads\/2025\/05\/siluet-300x300.jpg 300w, https:\/\/www.utep.org.tr\/wp-content\/uploads\/2025\/05\/siluet-1024x1024.jpg 1024w, https:\/\/www.utep.org.tr\/wp-content\/uploads\/2025\/05\/siluet-150x150.jpg 150w, https:\/\/www.utep.org.tr\/wp-content\/uploads\/2025\/05\/siluet-768x768.jpg 768w, https:\/\/www.utep.org.tr\/wp-content\/uploads\/2025\/05\/siluet-1536x1536.jpg 1536w, https:\/\/www.utep.org.tr\/wp-content\/uploads\/2025\/05\/siluet-90x90.jpg 90w\" sizes=\"(max-width: 2000px) 100vw, 2000px\" \/>                        <div class=\"team-style2__single-content text-center\">\n                            <h2>\n                                <a href=\"\"  >\n                                    Yi\u011fit Fatih Pala                                <\/a>\n                            <\/h2>\n                            <p>Supervisory Board Member<\/p>\n                            <ul class=\"social-links clearfix\" style=\"padding:0px;\">\n\t\t\t\t\t\t\t\t<!--\n                                <li><a href=\"mailto:https:\/\/www.utep.org.tr\/en\/yigit-fatih-pala\"><span class=\"icon-mail-1\"><\/span><\/a><\/li>\n                                <li class=\"share\"><a href=\"#\"><span class=\"icon-share\"><\/span><\/a>\n                                    <ul class=\"social-links-inner\">\n                                        <li><a href=\"#\"><i class=\"icon-instagram\"><\/i><\/a><\/li>\n<li><a href=\"#\"><i class=\"icon-twitter\"><\/i><\/a><\/li>\n<li><a href=\"#\"><i class=\"icon-facebook-app-symbol\"><\/i><\/a><\/li>                                    <\/ul>\n                                <\/li>\n                                <li><a href=\"\"><span class=\"icon-telephone\"><\/span><\/a><\/li>\n\t\t\t\t\t\t\t\t-->\n\t\t\t\t\t\t\t\t<li><a href=\"https:\/\/www.utep.org.tr\/en\/yigit-fatih-pala\"><span class=\"fas fa-list-ul\"><\/span><\/a><\/li>\n                            <\/ul>\n                        <\/div>\n                    <\/div>\n                <\/div>\n            <\/div>\n        \t\t\t\t<\/div>\n\t\t\t\t<\/div>\n\t\t\t\t<\/div>\n\t\t\t\t\t<\/div>\n\t\t\t\t<\/div>\n\t\t\t\t\t<\/div>\n\t\t<\/div>\n\t\t\t\t\t<\/div>\n\t\t<\/section>\n\t\t\t\t<\/div>\n\t\t","protected":false},"excerpt":{"rendered":"<p>Our Values Supervisory Board Muhsin G\u00fcnyeli Supervisory Board President \u0130smail Karasu Supervisory Board Member Yi\u011fit Fatih Pala Supervisory Board Member<\/p>\n","protected":false},"author":1,"featured_media":0,"parent":0,"menu_order":0,"comment_status":"closed","ping_status":"closed","template":"","meta":{"footnotes":""},"class_list":["post-11411","page","type-page","status-publish","hentry"],"_links":{"self":[{"href":"https:\/\/www.utep.org.tr\/en\/wp-json\/wp\/v2\/pages\/11411","targetHints":{"allow":["GET"]}}],"collection":[{"href":"https:\/\/www.utep.org.tr\/en\/wp-json\/wp\/v2\/pages"}],"about":[{"href":"https:\/\/www.utep.org.tr\/en\/wp-json\/wp\/v2\/types\/page"}],"author":[{"embeddable":true,"href":"https:\/\/www.utep.org.tr\/en\/wp-json\/wp\/v2\/users\/1"}],"replies":[{"embeddable":true,"href":"https:\/\/www.utep.org.tr\/en\/wp-json\/wp\/v2\/comments?post=11411"}],"version-history":[{"count":7,"href":"https:\/\/www.utep.org.tr\/en\/wp-json\/wp\/v2\/pages\/11411\/revisions"}],"predecessor-version":[{"id":12944,"href":"https:\/\/www.utep.org.tr\/en\/wp-json\/wp\/v2\/pages\/11411\/revisions\/12944"}],"wp:attachment":[{"href":"https:\/\/www.utep.org.tr\/en\/wp-json\/wp\/v2\/media?parent=11411"}],"curies":[{"name":"wp","href":"https:\/\/api.w.org\/{rel}","templated":true}]}}