{"id":12564,"date":"2025-12-06T15:47:24","date_gmt":"2025-12-06T12:47:24","guid":{"rendered":"https:\/\/www.utep.org.tr\/supervisory-board\/ismail-karasu\/"},"modified":"2026-01-07T14:12:35","modified_gmt":"2026-01-07T11:12:35","slug":"ismail-karasu","status":"publish","type":"page","link":"https:\/\/www.utep.org.tr\/en\/supervisory-board\/ismail-karasu\/","title":{"rendered":"\u0130smail Karasu"},"content":{"rendered":"\t\t<div data-elementor-type=\"wp-page\" data-elementor-id=\"12564\" class=\"elementor elementor-12564 elementor-12091\" data-elementor-post-type=\"page\">\n\t\t\t\t<div class=\"elementor-element elementor-element-1cc9d8b e-grid e-con-boxed e-con e-parent\" data-id=\"1cc9d8b\" data-element_type=\"container\">\n\t\t\t\t\t<div class=\"e-con-inner\">\n\t\t\t\t<div class=\"elementor-element elementor-element-c68c6a3 elementor-widget elementor-widget-govarnex_image\" data-id=\"c68c6a3\" data-element_type=\"widget\" data-widget_type=\"govarnex_image.default\">\n\t\t\t\t<div class=\"elementor-widget-container\">\n\t\t\t\t\t        \n            <div class=\"instant-services-style1__img\">\n                <div class=\"shape1 float-bob-y\">\n                                    <\/div>\n                <div class=\"instant-services-style1__img-inner\">\n                    <img fetchpriority=\"high\" decoding=\"async\" width=\"2000\" height=\"2000\" src=\"https:\/\/www.utep.org.tr\/wp-content\/uploads\/2025\/05\/siluet.jpg\" class=\"attachment-full size-full\" alt=\"\" srcset=\"https:\/\/www.utep.org.tr\/wp-content\/uploads\/2025\/05\/siluet.jpg 2000w, https:\/\/www.utep.org.tr\/wp-content\/uploads\/2025\/05\/siluet-300x300.jpg 300w, https:\/\/www.utep.org.tr\/wp-content\/uploads\/2025\/05\/siluet-1024x1024.jpg 1024w, https:\/\/www.utep.org.tr\/wp-content\/uploads\/2025\/05\/siluet-150x150.jpg 150w, https:\/\/www.utep.org.tr\/wp-content\/uploads\/2025\/05\/siluet-768x768.jpg 768w, https:\/\/www.utep.org.tr\/wp-content\/uploads\/2025\/05\/siluet-1536x1536.jpg 1536w, https:\/\/www.utep.org.tr\/wp-content\/uploads\/2025\/05\/siluet-90x90.jpg 90w\" sizes=\"(max-width: 2000px) 100vw, 2000px\" \/>                <\/div>\n            <\/div>\n\n        \t\t\t\t<\/div>\n\t\t\t\t<\/div>\n\t\t<div class=\"elementor-element elementor-element-cdcaab8 e-con-full e-flex e-con e-child\" data-id=\"cdcaab8\" data-element_type=\"container\">\n\t\t\t\t<div class=\"elementor-element elementor-element-e7baf4a elementor-widget elementor-widget-text-editor\" data-id=\"e7baf4a\" data-element_type=\"widget\" data-widget_type=\"text-editor.default\">\n\t\t\t\t<div class=\"elementor-widget-container\">\n\t\t\t\t\t\t\t\t\t<h1>\u0130smail Karasu<\/h1><h4>Supervisory Board Member<\/h4>\t\t\t\t\t\t\t\t<\/div>\n\t\t\t\t<\/div>\n\t\t\t\t<div class=\"elementor-element elementor-element-50e52d5 elementor-widget elementor-widget-text-editor\" data-id=\"50e52d5\" data-element_type=\"widget\" data-widget_type=\"text-editor.default\">\n\t\t\t\t<div class=\"elementor-widget-container\">\n\t\t\t\t\t\t\t\t\t<p>Company Name: Aktif Ak\u0131l E\u011fitim Dan\u0131\u015fmanl\u0131k Ltd. \u015eti. <\/p><p>Website: <a href=\"http:\/\/www.ismailkarasu.com\" rel=\"nofollow noopener\" target=\"_blank\">www.ismailkarasu.com<\/a><\/p>\t\t\t\t\t\t\t\t<\/div>\n\t\t\t\t<\/div>\n\t\t\t\t<\/div>\n\t\t\t\t\t<\/div>\n\t\t\t\t<\/div>\n\t\t<div class=\"elementor-element elementor-element-8fd5d57 e-flex e-con-boxed e-con e-parent\" data-id=\"8fd5d57\" data-element_type=\"container\">\n\t\t\t\t\t<div class=\"e-con-inner\">\n\t\t\t\t\t<\/div>\n\t\t\t\t<\/div>\n\t\t\t\t<\/div>\n\t\t","protected":false},"excerpt":{"rendered":"<p>\u0130smail Karasu Supervisory Board Member Company Name: Aktif Ak\u0131l E\u011fitim Dan\u0131\u015fmanl\u0131k Ltd. \u015eti. Website: www.ismailkarasu.com<\/p>\n","protected":false},"author":1,"featured_media":0,"parent":11411,"menu_order":0,"comment_status":"closed","ping_status":"closed","template":"","meta":{"footnotes":""},"class_list":["post-12564","page","type-page","status-publish","hentry"],"_links":{"self":[{"href":"https:\/\/www.utep.org.tr\/en\/wp-json\/wp\/v2\/pages\/12564","targetHints":{"allow":["GET"]}}],"collection":[{"href":"https:\/\/www.utep.org.tr\/en\/wp-json\/wp\/v2\/pages"}],"about":[{"href":"https:\/\/www.utep.org.tr\/en\/wp-json\/wp\/v2\/types\/page"}],"author":[{"embeddable":true,"href":"https:\/\/www.utep.org.tr\/en\/wp-json\/wp\/v2\/users\/1"}],"replies":[{"embeddable":true,"href":"https:\/\/www.utep.org.tr\/en\/wp-json\/wp\/v2\/comments?post=12564"}],"version-history":[{"count":7,"href":"https:\/\/www.utep.org.tr\/en\/wp-json\/wp\/v2\/pages\/12564\/revisions"}],"predecessor-version":[{"id":12789,"href":"https:\/\/www.utep.org.tr\/en\/wp-json\/wp\/v2\/pages\/12564\/revisions\/12789"}],"up":[{"embeddable":true,"href":"https:\/\/www.utep.org.tr\/en\/wp-json\/wp\/v2\/pages\/11411"}],"wp:attachment":[{"href":"https:\/\/www.utep.org.tr\/en\/wp-json\/wp\/v2\/media?parent=12564"}],"curies":[{"name":"wp","href":"https:\/\/api.w.org\/{rel}","templated":true}]}}