{"id":12599,"date":"2025-12-06T15:26:58","date_gmt":"2025-12-06T12:26:58","guid":{"rendered":"https:\/\/www.utep.org.tr\/board-of-directors\/ulvi-faruk-kosegil\/"},"modified":"2026-03-30T12:30:47","modified_gmt":"2026-03-30T09:30:47","slug":"ulvi-faruk-kosegil","status":"publish","type":"page","link":"https:\/\/www.utep.org.tr\/en\/board-of-directors\/ulvi-faruk-kosegil\/","title":{"rendered":"Ulvi Faruk K\u00f6segil"},"content":{"rendered":"\t\t<div data-elementor-type=\"wp-page\" data-elementor-id=\"12599\" class=\"elementor elementor-12599 elementor-12072\" data-elementor-post-type=\"page\">\n\t\t\t\t<div class=\"elementor-element elementor-element-1cc9d8b e-grid e-con-boxed e-con e-parent\" data-id=\"1cc9d8b\" data-element_type=\"container\">\n\t\t\t\t\t<div class=\"e-con-inner\">\n\t\t\t\t<div class=\"elementor-element elementor-element-c68c6a3 elementor-widget elementor-widget-govarnex_image\" data-id=\"c68c6a3\" data-element_type=\"widget\" data-widget_type=\"govarnex_image.default\">\n\t\t\t\t<div class=\"elementor-widget-container\">\n\t\t\t\t\t        \n            <div class=\"instant-services-style1__img\">\n                <div class=\"shape1 float-bob-y\">\n                                    <\/div>\n                <div class=\"instant-services-style1__img-inner\">\n                    <img fetchpriority=\"high\" decoding=\"async\" width=\"2000\" height=\"2000\" src=\"https:\/\/www.utep.org.tr\/wp-content\/uploads\/2026\/02\/ulvi-faruk-kosegil.jpg.jpeg\" class=\"attachment-full size-full\" alt=\"\" srcset=\"https:\/\/www.utep.org.tr\/wp-content\/uploads\/2026\/02\/ulvi-faruk-kosegil.jpg.jpeg 2000w, https:\/\/www.utep.org.tr\/wp-content\/uploads\/2026\/02\/ulvi-faruk-kosegil.jpg-300x300.jpeg 300w, https:\/\/www.utep.org.tr\/wp-content\/uploads\/2026\/02\/ulvi-faruk-kosegil.jpg-1024x1024.jpeg 1024w, https:\/\/www.utep.org.tr\/wp-content\/uploads\/2026\/02\/ulvi-faruk-kosegil.jpg-150x150.jpeg 150w, https:\/\/www.utep.org.tr\/wp-content\/uploads\/2026\/02\/ulvi-faruk-kosegil.jpg-768x768.jpeg 768w, https:\/\/www.utep.org.tr\/wp-content\/uploads\/2026\/02\/ulvi-faruk-kosegil.jpg-1536x1536.jpeg 1536w, https:\/\/www.utep.org.tr\/wp-content\/uploads\/2026\/02\/ulvi-faruk-kosegil.jpg-90x90.jpeg 90w\" sizes=\"(max-width: 2000px) 100vw, 2000px\" \/>                <\/div>\n            <\/div>\n\n        \t\t\t\t<\/div>\n\t\t\t\t<\/div>\n\t\t<div class=\"elementor-element elementor-element-b24fbd3 e-con-full e-flex e-con e-child\" data-id=\"b24fbd3\" data-element_type=\"container\">\n\t\t\t\t<div class=\"elementor-element elementor-element-e7baf4a elementor-widget elementor-widget-text-editor\" data-id=\"e7baf4a\" data-element_type=\"widget\" data-widget_type=\"text-editor.default\">\n\t\t\t\t<div class=\"elementor-widget-container\">\n\t\t\t\t\t\t\t\t\t<h1>Ulvi Faruk K\u00f6segil<\/h1><h4>Investment and Project Development President<\/h4><p>Deputy President<\/p>\t\t\t\t\t\t\t\t<\/div>\n\t\t\t\t<\/div>\n\t\t\t\t<div class=\"elementor-element elementor-element-50e52d5 elementor-widget elementor-widget-text-editor\" data-id=\"50e52d5\" data-element_type=\"widget\" data-widget_type=\"text-editor.default\">\n\t\t\t\t<div class=\"elementor-widget-container\">\n\t\t\t\t\t\t\t\t\t<p>Company Name: G\u00fclery\u00fcz Tuh. Elek. and Trade Ltd. Co.<\/p>\n<p>Web Address: <a href=\"http:\/\/www.guleryuzaski.com\" rel=\"nofollow noopener\" target=\"_blank\">www.guleryuzaski.com<\/a><\/p>\t\t\t\t\t\t\t\t<\/div>\n\t\t\t\t<\/div>\n\t\t\t\t<div class=\"elementor-element elementor-element-297296f elementor-widget elementor-widget-text-editor\" data-id=\"297296f\" data-element_type=\"widget\" data-widget_type=\"text-editor.default\">\n\t\t\t\t<div class=\"elementor-widget-container\">\n\t\t\t\t\t\t\t\t\t<p>Company Name: DWOY<\/p>\n<p>Web Address: <a href=\"http:\/\/www.dwoy.net\" rel=\"nofollow noopener\" target=\"_blank\">www.dwoy.net<\/a><\/p>\t\t\t\t\t\t\t\t<\/div>\n\t\t\t\t<\/div>\n\t\t\t\t<\/div>\n\t\t\t\t\t<\/div>\n\t\t\t\t<\/div>\n\t\t<div class=\"elementor-element elementor-element-8fd5d57 e-flex e-con-boxed e-con e-parent\" data-id=\"8fd5d57\" data-element_type=\"container\">\n\t\t\t\t\t<div class=\"e-con-inner\">\n\t\t\t\t\t<\/div>\n\t\t\t\t<\/div>\n\t\t\t\t<\/div>\n\t\t","protected":false},"excerpt":{"rendered":"<p>Ulvi Faruk K\u00f6segil Investment and Project Development President Deputy President Company Name: G\u00fclery\u00fcz Tuh. Elek. and Trade Ltd. Co. Web Address: www.guleryuzaski.com Company Name: DWOY Web Address: www.dwoy.net<\/p>\n","protected":false},"author":1,"featured_media":0,"parent":11405,"menu_order":0,"comment_status":"closed","ping_status":"closed","template":"","meta":{"footnotes":""},"class_list":["post-12599","page","type-page","status-publish","hentry"],"_links":{"self":[{"href":"https:\/\/www.utep.org.tr\/en\/wp-json\/wp\/v2\/pages\/12599","targetHints":{"allow":["GET"]}}],"collection":[{"href":"https:\/\/www.utep.org.tr\/en\/wp-json\/wp\/v2\/pages"}],"about":[{"href":"https:\/\/www.utep.org.tr\/en\/wp-json\/wp\/v2\/types\/page"}],"author":[{"embeddable":true,"href":"https:\/\/www.utep.org.tr\/en\/wp-json\/wp\/v2\/users\/1"}],"replies":[{"embeddable":true,"href":"https:\/\/www.utep.org.tr\/en\/wp-json\/wp\/v2\/comments?post=12599"}],"version-history":[{"count":3,"href":"https:\/\/www.utep.org.tr\/en\/wp-json\/wp\/v2\/pages\/12599\/revisions"}],"predecessor-version":[{"id":12929,"href":"https:\/\/www.utep.org.tr\/en\/wp-json\/wp\/v2\/pages\/12599\/revisions\/12929"}],"up":[{"embeddable":true,"href":"https:\/\/www.utep.org.tr\/en\/wp-json\/wp\/v2\/pages\/11405"}],"wp:attachment":[{"href":"https:\/\/www.utep.org.tr\/en\/wp-json\/wp\/v2\/media?parent=12599"}],"curies":[{"name":"wp","href":"https:\/\/api.w.org\/{rel}","templated":true}]}}