{"id":12611,"date":"2025-12-06T14:06:57","date_gmt":"2025-12-06T11:06:57","guid":{"rendered":"https:\/\/www.utep.org.tr\/board-of-directors\/ercan-sicim\/"},"modified":"2026-01-07T07:47:11","modified_gmt":"2026-01-07T04:47:11","slug":"ercan-sicim","status":"publish","type":"page","link":"https:\/\/www.utep.org.tr\/en\/board-of-directors\/ercan-sicim\/","title":{"rendered":"Ercan Sicim"},"content":{"rendered":"\t\t<div data-elementor-type=\"wp-page\" data-elementor-id=\"12611\" class=\"elementor elementor-12611 elementor-12057\" data-elementor-post-type=\"page\">\n\t\t\t\t<div class=\"elementor-element elementor-element-1cc9d8b e-grid e-con-boxed e-con e-parent\" data-id=\"1cc9d8b\" data-element_type=\"container\">\n\t\t\t\t\t<div class=\"e-con-inner\">\n\t\t\t\t<div class=\"elementor-element elementor-element-c68c6a3 elementor-widget elementor-widget-govarnex_image\" data-id=\"c68c6a3\" data-element_type=\"widget\" data-widget_type=\"govarnex_image.default\">\n\t\t\t\t<div class=\"elementor-widget-container\">\n\t\t\t\t\t        \n            <div class=\"instant-services-style1__img\">\n                <div class=\"shape1 float-bob-y\">\n                                    <\/div>\n                <div class=\"instant-services-style1__img-inner\">\n                    <img fetchpriority=\"high\" decoding=\"async\" width=\"2000\" height=\"2000\" src=\"https:\/\/www.utep.org.tr\/wp-content\/uploads\/2025\/08\/ercansicim.jpg\" class=\"attachment-full size-full\" alt=\"\" srcset=\"https:\/\/www.utep.org.tr\/wp-content\/uploads\/2025\/08\/ercansicim.jpg 2000w, https:\/\/www.utep.org.tr\/wp-content\/uploads\/2025\/08\/ercansicim-300x300.jpg 300w, https:\/\/www.utep.org.tr\/wp-content\/uploads\/2025\/08\/ercansicim-1024x1024.jpg 1024w, https:\/\/www.utep.org.tr\/wp-content\/uploads\/2025\/08\/ercansicim-150x150.jpg 150w, https:\/\/www.utep.org.tr\/wp-content\/uploads\/2025\/08\/ercansicim-768x768.jpg 768w, https:\/\/www.utep.org.tr\/wp-content\/uploads\/2025\/08\/ercansicim-1536x1536.jpg 1536w, https:\/\/www.utep.org.tr\/wp-content\/uploads\/2025\/08\/ercansicim-90x90.jpg 90w\" sizes=\"(max-width: 2000px) 100vw, 2000px\" \/>                <\/div>\n            <\/div>\n\n        \t\t\t\t<\/div>\n\t\t\t\t<\/div>\n\t\t<div class=\"elementor-element elementor-element-4d759c2 e-con-full e-flex e-con e-child\" data-id=\"4d759c2\" data-element_type=\"container\">\n\t\t\t\t<div class=\"elementor-element elementor-element-e7baf4a elementor-widget elementor-widget-text-editor\" data-id=\"e7baf4a\" data-element_type=\"widget\" data-widget_type=\"text-editor.default\">\n\t\t\t\t<div class=\"elementor-widget-container\">\n\t\t\t\t\t\t\t\t\t<h1>Ercan Sicim<\/h1>\n<h4>Board Member<\/h4>\t\t\t\t\t\t\t\t<\/div>\n\t\t\t\t<\/div>\n\t\t\t\t<div class=\"elementor-element elementor-element-50e52d5 elementor-widget elementor-widget-text-editor\" data-id=\"50e52d5\" data-element_type=\"widget\" data-widget_type=\"text-editor.default\">\n\t\t\t\t<div class=\"elementor-widget-container\">\n\t\t\t\t\t\t\t\t\t<p>Company Name: Mod Tasar\u0131m A.\u015e.<\/p>\n<p>Web Address: <a href=\"http:\/\/modtasarim.com\" rel=\"nofollow noopener\" target=\"_blank\">modtasarim.com<\/a><\/p>\t\t\t\t\t\t\t\t<\/div>\n\t\t\t\t<\/div>\n\t\t\t\t<div class=\"elementor-element elementor-element-07e2061 elementor-widget elementor-widget-text-editor\" data-id=\"07e2061\" data-element_type=\"widget\" data-widget_type=\"text-editor.default\">\n\t\t\t\t<div class=\"elementor-widget-container\">\n\t\t\t\t\t\t\t\t\t<p>Company Name: Ofite Her \u015eey<\/p>\n<p>Web Address: <a href=\"http:\/\/ofistehersey.com\" rel=\"nofollow noopener\" target=\"_blank\">ofistehersey.com<\/a><\/p>\t\t\t\t\t\t\t\t<\/div>\n\t\t\t\t<\/div>\n\t\t\t\t<\/div>\n\t\t\t\t\t<\/div>\n\t\t\t\t<\/div>\n\t\t<div class=\"elementor-element elementor-element-8fd5d57 e-flex e-con-boxed e-con e-parent\" data-id=\"8fd5d57\" data-element_type=\"container\">\n\t\t\t\t\t<div class=\"e-con-inner\">\n\t\t\t\t\t<\/div>\n\t\t\t\t<\/div>\n\t\t\t\t<\/div>\n\t\t","protected":false},"excerpt":{"rendered":"<p>Ercan Sicim Board Member Company Name: Mod Tasar\u0131m A.\u015e. Web Address: modtasarim.com Company Name: Ofite Her \u015eey Web Address: ofistehersey.com<\/p>\n","protected":false},"author":1,"featured_media":0,"parent":11405,"menu_order":0,"comment_status":"closed","ping_status":"closed","template":"","meta":{"footnotes":""},"class_list":["post-12611","page","type-page","status-publish","hentry"],"_links":{"self":[{"href":"https:\/\/www.utep.org.tr\/en\/wp-json\/wp\/v2\/pages\/12611","targetHints":{"allow":["GET"]}}],"collection":[{"href":"https:\/\/www.utep.org.tr\/en\/wp-json\/wp\/v2\/pages"}],"about":[{"href":"https:\/\/www.utep.org.tr\/en\/wp-json\/wp\/v2\/types\/page"}],"author":[{"embeddable":true,"href":"https:\/\/www.utep.org.tr\/en\/wp-json\/wp\/v2\/users\/1"}],"replies":[{"embeddable":true,"href":"https:\/\/www.utep.org.tr\/en\/wp-json\/wp\/v2\/comments?post=12611"}],"version-history":[{"count":3,"href":"https:\/\/www.utep.org.tr\/en\/wp-json\/wp\/v2\/pages\/12611\/revisions"}],"predecessor-version":[{"id":12617,"href":"https:\/\/www.utep.org.tr\/en\/wp-json\/wp\/v2\/pages\/12611\/revisions\/12617"}],"up":[{"embeddable":true,"href":"https:\/\/www.utep.org.tr\/en\/wp-json\/wp\/v2\/pages\/11405"}],"wp:attachment":[{"href":"https:\/\/www.utep.org.tr\/en\/wp-json\/wp\/v2\/media?parent=12611"}],"curies":[{"name":"wp","href":"https:\/\/api.w.org\/{rel}","templated":true}]}}