{"id":12639,"date":"2025-12-06T15:27:22","date_gmt":"2025-12-06T12:27:22","guid":{"rendered":"https:\/\/www.utep.org.tr\/board-of-directors\/hasan-melih-beskazalioglu\/"},"modified":"2026-01-07T07:47:25","modified_gmt":"2026-01-07T04:47:25","slug":"hasan-melih-beskazalioglu","status":"publish","type":"page","link":"https:\/\/www.utep.org.tr\/en\/board-of-directors\/hasan-melih-beskazalioglu\/","title":{"rendered":"Hasan Melih Be\u015fkazal\u0131o\u011flu"},"content":{"rendered":"\t\t<div data-elementor-type=\"wp-page\" data-elementor-id=\"12639\" class=\"elementor elementor-12639 elementor-12076\" data-elementor-post-type=\"page\">\n\t\t\t\t<div class=\"elementor-element elementor-element-1cc9d8b e-grid e-con-boxed e-con e-parent\" data-id=\"1cc9d8b\" data-element_type=\"container\">\n\t\t\t\t\t<div class=\"e-con-inner\">\n\t\t\t\t<div class=\"elementor-element elementor-element-c68c6a3 elementor-widget elementor-widget-govarnex_image\" data-id=\"c68c6a3\" data-element_type=\"widget\" data-widget_type=\"govarnex_image.default\">\n\t\t\t\t<div class=\"elementor-widget-container\">\n\t\t\t\t\t        \n            <div class=\"instant-services-style1__img\">\n                <div class=\"shape1 float-bob-y\">\n                                    <\/div>\n                <div class=\"instant-services-style1__img-inner\">\n                    <img fetchpriority=\"high\" decoding=\"async\" width=\"2000\" height=\"2000\" src=\"https:\/\/www.utep.org.tr\/wp-content\/uploads\/2025\/08\/hasanmelih.jpg\" class=\"attachment-full size-full\" alt=\"\" srcset=\"https:\/\/www.utep.org.tr\/wp-content\/uploads\/2025\/08\/hasanmelih.jpg 2000w, https:\/\/www.utep.org.tr\/wp-content\/uploads\/2025\/08\/hasanmelih-300x300.jpg 300w, https:\/\/www.utep.org.tr\/wp-content\/uploads\/2025\/08\/hasanmelih-1024x1024.jpg 1024w, https:\/\/www.utep.org.tr\/wp-content\/uploads\/2025\/08\/hasanmelih-150x150.jpg 150w, https:\/\/www.utep.org.tr\/wp-content\/uploads\/2025\/08\/hasanmelih-768x768.jpg 768w, https:\/\/www.utep.org.tr\/wp-content\/uploads\/2025\/08\/hasanmelih-1536x1536.jpg 1536w, https:\/\/www.utep.org.tr\/wp-content\/uploads\/2025\/08\/hasanmelih-90x90.jpg 90w\" sizes=\"(max-width: 2000px) 100vw, 2000px\" \/>                <\/div>\n            <\/div>\n\n        \t\t\t\t<\/div>\n\t\t\t\t<\/div>\n\t\t<div class=\"elementor-element elementor-element-8ebfb56 e-con-full e-flex e-con e-child\" data-id=\"8ebfb56\" data-element_type=\"container\">\n\t\t\t\t<div class=\"elementor-element elementor-element-e7baf4a elementor-widget elementor-widget-text-editor\" data-id=\"e7baf4a\" data-element_type=\"widget\" data-widget_type=\"text-editor.default\">\n\t\t\t\t<div class=\"elementor-widget-container\">\n\t\t\t\t\t\t\t\t\t<h1>Hasan Melih Be\u015fkazal\u0131o\u011flu<\/h1>\n<h4>Board Member<\/h4>\t\t\t\t\t\t\t\t<\/div>\n\t\t\t\t<\/div>\n\t\t\t\t<div class=\"elementor-element elementor-element-50e52d5 elementor-widget elementor-widget-text-editor\" data-id=\"50e52d5\" data-element_type=\"widget\" data-widget_type=\"text-editor.default\">\n\t\t\t\t<div class=\"elementor-widget-container\">\n\t\t\t\t\t\t\t\t\t<p>Company Name: Kolbay Makine<\/p>\n<p>Website Address: <a href=\"http:\/\/www.kolbay.com.tr\" rel=\"nofollow noopener\" target=\"_blank\">www.kolbay.com.tr<\/a><\/p>\t\t\t\t\t\t\t\t<\/div>\n\t\t\t\t<\/div>\n\t\t\t\t<\/div>\n\t\t\t\t\t<\/div>\n\t\t\t\t<\/div>\n\t\t<div class=\"elementor-element elementor-element-8fd5d57 e-flex e-con-boxed e-con e-parent\" data-id=\"8fd5d57\" data-element_type=\"container\">\n\t\t\t\t\t<div class=\"e-con-inner\">\n\t\t\t\t\t<\/div>\n\t\t\t\t<\/div>\n\t\t\t\t<\/div>\n\t\t","protected":false},"excerpt":{"rendered":"<p>Hasan Melih Be\u015fkazal\u0131o\u011flu Board Member Company Name: Kolbay Makine Website Address: www.kolbay.com.tr<\/p>\n","protected":false},"author":1,"featured_media":0,"parent":11405,"menu_order":0,"comment_status":"closed","ping_status":"closed","template":"","meta":{"footnotes":""},"class_list":["post-12639","page","type-page","status-publish","hentry"],"_links":{"self":[{"href":"https:\/\/www.utep.org.tr\/en\/wp-json\/wp\/v2\/pages\/12639","targetHints":{"allow":["GET"]}}],"collection":[{"href":"https:\/\/www.utep.org.tr\/en\/wp-json\/wp\/v2\/pages"}],"about":[{"href":"https:\/\/www.utep.org.tr\/en\/wp-json\/wp\/v2\/types\/page"}],"author":[{"embeddable":true,"href":"https:\/\/www.utep.org.tr\/en\/wp-json\/wp\/v2\/users\/1"}],"replies":[{"embeddable":true,"href":"https:\/\/www.utep.org.tr\/en\/wp-json\/wp\/v2\/comments?post=12639"}],"version-history":[{"count":1,"href":"https:\/\/www.utep.org.tr\/en\/wp-json\/wp\/v2\/pages\/12639\/revisions"}],"predecessor-version":[{"id":12642,"href":"https:\/\/www.utep.org.tr\/en\/wp-json\/wp\/v2\/pages\/12639\/revisions\/12642"}],"up":[{"embeddable":true,"href":"https:\/\/www.utep.org.tr\/en\/wp-json\/wp\/v2\/pages\/11405"}],"wp:attachment":[{"href":"https:\/\/www.utep.org.tr\/en\/wp-json\/wp\/v2\/media?parent=12639"}],"curies":[{"name":"wp","href":"https:\/\/api.w.org\/{rel}","templated":true}]}}