{"id":12690,"date":"2025-12-06T13:00:10","date_gmt":"2025-12-06T10:00:10","guid":{"rendered":"https:\/\/www.utep.org.tr\/board-of-directors\/sami-bektas\/"},"modified":"2026-01-07T14:00:10","modified_gmt":"2026-01-07T11:00:10","slug":"sami-bektas","status":"publish","type":"page","link":"https:\/\/www.utep.org.tr\/en\/board-of-directors\/sami-bektas\/","title":{"rendered":"Sami Bekta\u015f"},"content":{"rendered":"\t\t<div data-elementor-type=\"wp-page\" data-elementor-id=\"12690\" class=\"elementor elementor-12690 elementor-11986\" data-elementor-post-type=\"page\">\n\t\t\t\t<div class=\"elementor-element elementor-element-1cc9d8b e-grid e-con-boxed e-con e-parent\" data-id=\"1cc9d8b\" data-element_type=\"container\">\n\t\t\t\t\t<div class=\"e-con-inner\">\n\t\t\t\t<div class=\"elementor-element elementor-element-c68c6a3 elementor-widget elementor-widget-govarnex_image\" data-id=\"c68c6a3\" data-element_type=\"widget\" data-widget_type=\"govarnex_image.default\">\n\t\t\t\t<div class=\"elementor-widget-container\">\n\t\t\t\t\t        \n            <div class=\"instant-services-style1__img\">\n                <div class=\"shape1 float-bob-y\">\n                                    <\/div>\n                <div class=\"instant-services-style1__img-inner\">\n                    <img fetchpriority=\"high\" decoding=\"async\" width=\"2000\" height=\"2000\" src=\"https:\/\/www.utep.org.tr\/wp-content\/uploads\/2025\/05\/samibektas.jpg\" class=\"attachment-full size-full\" alt=\"\" srcset=\"https:\/\/www.utep.org.tr\/wp-content\/uploads\/2025\/05\/samibektas.jpg 2000w, https:\/\/www.utep.org.tr\/wp-content\/uploads\/2025\/05\/samibektas-300x300.jpg 300w, https:\/\/www.utep.org.tr\/wp-content\/uploads\/2025\/05\/samibektas-1024x1024.jpg 1024w, https:\/\/www.utep.org.tr\/wp-content\/uploads\/2025\/05\/samibektas-150x150.jpg 150w, https:\/\/www.utep.org.tr\/wp-content\/uploads\/2025\/05\/samibektas-768x768.jpg 768w, https:\/\/www.utep.org.tr\/wp-content\/uploads\/2025\/05\/samibektas-1536x1536.jpg 1536w, https:\/\/www.utep.org.tr\/wp-content\/uploads\/2025\/05\/samibektas-90x90.jpg 90w\" sizes=\"(max-width: 2000px) 100vw, 2000px\" \/>                <\/div>\n            <\/div>\n\n        \t\t\t\t<\/div>\n\t\t\t\t<\/div>\n\t\t<div class=\"elementor-element elementor-element-cd7d7be e-con-full e-flex e-con e-child\" data-id=\"cd7d7be\" data-element_type=\"container\">\n\t\t\t\t<div class=\"elementor-element elementor-element-e7baf4a elementor-widget elementor-widget-text-editor\" data-id=\"e7baf4a\" data-element_type=\"widget\" data-widget_type=\"text-editor.default\">\n\t\t\t\t<div class=\"elementor-widget-container\">\n\t\t\t\t\t\t\t\t\t<h1>Sami Bekta\u015f<\/h1>\n<h4>President<\/h4>\t\t\t\t\t\t\t\t<\/div>\n\t\t\t\t<\/div>\n\t\t\t\t<div class=\"elementor-element elementor-element-50e52d5 elementor-widget elementor-widget-text-editor\" data-id=\"50e52d5\" data-element_type=\"widget\" data-widget_type=\"text-editor.default\">\n\t\t\t\t<div class=\"elementor-widget-container\">\n\t\t\t\t\t\t\t\t\t<p>Company Name: Pulsar \u0130n\u015faat<\/p>\n<p>Website: <a href=\"http:\/\/www.pulsarinsaat.com\" rel=\"nofollow noopener\" target=\"_blank\">www.pulsarinsaat.com<\/a><\/p>\t\t\t\t\t\t\t\t<\/div>\n\t\t\t\t<\/div>\n\t\t\t\t<div class=\"elementor-element elementor-element-07e2061 elementor-widget elementor-widget-text-editor\" data-id=\"07e2061\" data-element_type=\"widget\" data-widget_type=\"text-editor.default\">\n\t\t\t\t<div class=\"elementor-widget-container\">\n\t\t\t\t\t\t\t\t\t<p>Company Name: Bekart M\u00fccevherat<\/p>\n<p>Website: <a href=\"http:\/\/www.bekart.com.tr\" rel=\"nofollow noopener\" target=\"_blank\">www.bekart.com.tr<\/a><\/p>\t\t\t\t\t\t\t\t<\/div>\n\t\t\t\t<\/div>\n\t\t\t\t<div class=\"elementor-element elementor-element-3c6b761 elementor-widget elementor-widget-text-editor\" data-id=\"3c6b761\" data-element_type=\"widget\" data-widget_type=\"text-editor.default\">\n\t\t\t\t<div class=\"elementor-widget-container\">\n\t\t\t\t\t\t\t\t\t<p>Company Name: Trios 2023<\/p>\n<p>Website: <a href=\"http:\/\/www.trios2023.com\" rel=\"nofollow noopener\" target=\"_blank\">www.trios2023.com<\/a><\/p>\t\t\t\t\t\t\t\t<\/div>\n\t\t\t\t<\/div>\n\t\t\t\t<\/div>\n\t\t\t\t\t<\/div>\n\t\t\t\t<\/div>\n\t\t<div class=\"elementor-element elementor-element-8fd5d57 e-flex e-con-boxed e-con e-parent\" data-id=\"8fd5d57\" data-element_type=\"container\">\n\t\t\t\t\t<div class=\"e-con-inner\">\n\t\t\t\t<div class=\"elementor-element elementor-element-d74c0e7 elementor-widget elementor-widget-text-editor\" data-id=\"d74c0e7\" data-element_type=\"widget\" data-widget_type=\"text-editor.default\">\n\t\t\t\t<div class=\"elementor-widget-container\">\n\t\t\t\t\t\t\t\t\t<p>Born in 1963 in Ordu Mesudiye. It supports production by operating in three sectors: jewelry, construction, and agriculture\u2026 <\/p><p>Its first brand is \u2018\u2019Bekart M\u00fccevherat\u2019\u2019, which operates in the jewelry sector. Bekart M\u00fccevherat continues its activities in the Grand Bazaar. <\/p><p>Another brand, Pulsar \u0130n\u015faat, operates in the construction sector, one of the locomotive sectors of our country. It was established in 2013 with the aim of realizing visionary projects in the industrial and residential sectors. TR\u0130OS 2023 is a project with infrastructure, technology, and social areas that will lead industrial projects throughout Turkey. The project, which consists of 336 FACTORIES, 146 stores, 2 blocks with 11 floors consisting of 112 independent sections, and has a ceiling height of 7 meters that allows trucks to enter and exit easily, has the distinction of being a first in Turkey with its many advantages.  <\/p><p>In January 2021, when the pandemic was at its peak, it entered the agricultural sector with its third brand, Serat\u00fcrk. It contributes to the sector by producing table tomatoes with a production capacity of 1000 tons per year with state-of-the-art agricultural applications in its 25-decare soilless agriculture greenhouse.<\/p><p>UTEP Chairman Sami Bekta\u015f founded UTEP with the goal of implementing innovative and sustainable projects in almost every sector for future generations in Turkey.<\/p>\t\t\t\t\t\t\t\t<\/div>\n\t\t\t\t<\/div>\n\t\t\t\t\t<\/div>\n\t\t\t\t<\/div>\n\t\t\t\t<\/div>\n\t\t","protected":false},"excerpt":{"rendered":"<p>Sami Bekta\u015f President Company Name: Pulsar \u0130n\u015faat Website: www.pulsarinsaat.com Company Name: Bekart M\u00fccevherat Website: www.bekart.com.tr Company Name: Trios 2023 Website: www.trios2023.com Born in 1963 in Ordu Mesudiye. It supports production [&hellip;]<\/p>\n","protected":false},"author":1,"featured_media":0,"parent":11405,"menu_order":0,"comment_status":"closed","ping_status":"closed","template":"","meta":{"footnotes":""},"class_list":["post-12690","page","type-page","status-publish","hentry"],"_links":{"self":[{"href":"https:\/\/www.utep.org.tr\/en\/wp-json\/wp\/v2\/pages\/12690","targetHints":{"allow":["GET"]}}],"collection":[{"href":"https:\/\/www.utep.org.tr\/en\/wp-json\/wp\/v2\/pages"}],"about":[{"href":"https:\/\/www.utep.org.tr\/en\/wp-json\/wp\/v2\/types\/page"}],"author":[{"embeddable":true,"href":"https:\/\/www.utep.org.tr\/en\/wp-json\/wp\/v2\/users\/1"}],"replies":[{"embeddable":true,"href":"https:\/\/www.utep.org.tr\/en\/wp-json\/wp\/v2\/comments?post=12690"}],"version-history":[{"count":5,"href":"https:\/\/www.utep.org.tr\/en\/wp-json\/wp\/v2\/pages\/12690\/revisions"}],"predecessor-version":[{"id":12770,"href":"https:\/\/www.utep.org.tr\/en\/wp-json\/wp\/v2\/pages\/12690\/revisions\/12770"}],"up":[{"embeddable":true,"href":"https:\/\/www.utep.org.tr\/en\/wp-json\/wp\/v2\/pages\/11405"}],"wp:attachment":[{"href":"https:\/\/www.utep.org.tr\/en\/wp-json\/wp\/v2\/media?parent=12690"}],"curies":[{"name":"wp","href":"https:\/\/api.w.org\/{rel}","templated":true}]}}